{"id":875,"date":"2023-12-15T08:00:00","date_gmt":"2023-12-15T13:00:00","guid":{"rendered":"https:\/\/groupedepalma.com\/?page_id=875"},"modified":"2026-02-01T20:37:44","modified_gmt":"2026-02-02T01:37:44","slug":"privacy-policy","status":"publish","type":"page","link":"https:\/\/groupedepalma.com\/en\/privacy-policy\/","title":{"rendered":"Privacy Policy"},"content":{"rendered":"<div class=\"flex-shrink-0 flex flex-col relative items-end\">\n<div class=\"pt-0.5\">\n<div class=\"relative p-1 rounded-sm h-9 w-9 text-white flex items-center justify-center\"><strong>Our Commitment to Privacy<\/strong><\/div>\n<\/div>\n<\/div>\n<div class=\"relative flex w-full flex-col lg:w-[calc(100%-115px)] agent-turn\">\n<div class=\"flex-col gap-1 md:gap-3\">\n<div class=\"flex flex-grow flex-col max-w-full\">\n<div class=\"min-h-[20px] text-message flex flex-col items-start gap-3 whitespace-pre-wrap break-words [.text-message+&amp;]:mt-5 overflow-x-auto\" data-message-author-role=\"assistant\" data-message-id=\"a64a00c6-9a2e-411e-9dfb-373e04de9c7f\">\n<div class=\"markdown prose w-full break-words dark:prose-invert light\">\n<p>At the De Palma, we place great importance on the protection of your personal data. In accordance with standards set by the C-25 Law and other prevailing privacy laws, this policy aims to inform you about how we collect, use, and protect your information.<\/p>\n<p><strong>Data Collection and Use<\/strong><\/p>\n<p>We collect information necessary only within the scope of our legitimate business activities. These data may include, but are not limited to, personal information, contact details, and transactional information. We are committed to using these data responsibly and securely.<\/p>\n<p><strong>Information Sharing<\/strong><\/p>\n<p>De Palma does not share your information with unauthorized third parties, except if necessary to fulfill our legal obligations or if you have given us your explicit consent.<\/p>\n<p><strong>Data Protection<\/strong><\/p>\n<p>We implement robust security measures to protect your data from unauthorized access, disclosure, alteration, or destruction. We regularly review and update our security protocols to ensure that we maintain an optimal level of protection.<\/p>\n<p><strong>Your Rights<\/strong><\/p>\n<p>You have the right to access, correct, update, or request the deletion of your personal data. If you have any questions about our use of your data, please contact us.<\/p>\n<p><strong>Updates to the Privacy Policy<\/strong><\/p>\n<p>We reserve the right to update our privacy policy to reflect changes in our data collection and use practices. Updates will be posted on our website.<\/p>\n<p>For any questions or concerns regarding our privacy policy, please contact us.<\/p>\n<\/div>\n<\/div>\n<\/div>\n<\/div>\n<\/div>\n","protected":false},"excerpt":{"rendered":"<p>Our Commitment to Privacy At the De Palma, we place great importance on the protection of your personal data. In accordance with standards set by the C-25 Law and other prevailing privacy laws, this policy aims to inform you about how we collect, use, and protect your information. Data Collection and Use We collect information [&hellip;]<\/p>\n","protected":false},"author":4,"featured_media":220,"parent":0,"menu_order":0,"comment_status":"closed","ping_status":"closed","template":"","meta":{"footnotes":""},"class_list":["post-875","page","type-page","status-publish","has-post-thumbnail","hentry"],"yoast_head":"<!-- This site is optimized with the Yoast SEO plugin v27.3 - https:\/\/yoast.com\/product\/yoast-seo-wordpress\/ -->\n<title>Privacy Policy - De Palma | Conciergerie priv\u00e9e<\/title>\n<meta name=\"description\" content=\"Groupe De Palma \u0153uvre principalement dans la grande r\u00e9gion de Montr\u00e9al, mais est dispnible pour vous dans l\u2019ensemble du territoire du Qu\u00e9bec.\" \/>\n<meta name=\"robots\" content=\"index, follow, max-snippet:-1, max-image-preview:large, max-video-preview:-1\" \/>\n<link rel=\"canonical\" href=\"https:\/\/groupedepalma.com\/en\/privacy-policy\/\" \/>\n<meta property=\"og:locale\" content=\"en_US\" \/>\n<meta property=\"og:type\" content=\"article\" \/>\n<meta property=\"og:title\" content=\"Privacy Policy - De Palma | Conciergerie priv\u00e9e\" \/>\n<meta property=\"og:description\" content=\"Groupe De Palma \u0153uvre principalement dans la grande r\u00e9gion de Montr\u00e9al, mais est dispnible pour vous dans l\u2019ensemble du territoire du Qu\u00e9bec.\" \/>\n<meta property=\"og:url\" content=\"https:\/\/groupedepalma.com\/en\/privacy-policy\/\" \/>\n<meta property=\"og:site_name\" content=\"De Palma | Conciergerie priv\u00e9e\" \/>\n<meta property=\"article:modified_time\" content=\"2026-02-02T01:37:44+00:00\" \/>\n<meta property=\"og:image\" content=\"https:\/\/groupedepalma.com\/wp-content\/uploads\/2020\/08\/DEPALMA_NousJoindre_CreditMockUpThanhNguyen.jpg\" \/>\n\t<meta property=\"og:image:width\" content=\"1880\" \/>\n\t<meta property=\"og:image:height\" content=\"1252\" \/>\n\t<meta property=\"og:image:type\" content=\"image\/jpeg\" \/>\n<meta name=\"twitter:card\" content=\"summary_large_image\" \/>\n<meta name=\"twitter:label1\" content=\"Est. reading time\" \/>\n\t<meta name=\"twitter:data1\" content=\"2 minutes\" \/>\n<script type=\"application\/ld+json\" class=\"yoast-schema-graph\">{\"@context\":\"https:\\\/\\\/schema.org\",\"@graph\":[{\"@type\":\"WebPage\",\"@id\":\"https:\\\/\\\/groupedepalma.com\\\/en\\\/privacy-policy\\\/\",\"url\":\"https:\\\/\\\/groupedepalma.com\\\/en\\\/privacy-policy\\\/\",\"name\":\"Privacy Policy - De Palma | Conciergerie priv\u00e9e\",\"isPartOf\":{\"@id\":\"https:\\\/\\\/groupedepalma.com\\\/en\\\/#website\"},\"primaryImageOfPage\":{\"@id\":\"https:\\\/\\\/groupedepalma.com\\\/en\\\/privacy-policy\\\/#primaryimage\"},\"image\":{\"@id\":\"https:\\\/\\\/groupedepalma.com\\\/en\\\/privacy-policy\\\/#primaryimage\"},\"thumbnailUrl\":\"https:\\\/\\\/groupedepalma.com\\\/wp-content\\\/uploads\\\/2020\\\/08\\\/DEPALMA_NousJoindre_CreditMockUpThanhNguyen.jpg\",\"datePublished\":\"2023-12-15T13:00:00+00:00\",\"dateModified\":\"2026-02-02T01:37:44+00:00\",\"description\":\"Groupe De Palma \u0153uvre principalement dans la grande r\u00e9gion de Montr\u00e9al, mais est dispnible pour vous dans l\u2019ensemble du territoire du Qu\u00e9bec.\",\"breadcrumb\":{\"@id\":\"https:\\\/\\\/groupedepalma.com\\\/en\\\/privacy-policy\\\/#breadcrumb\"},\"inLanguage\":\"en-CA\",\"potentialAction\":[{\"@type\":\"ReadAction\",\"target\":[\"https:\\\/\\\/groupedepalma.com\\\/en\\\/privacy-policy\\\/\"]}]},{\"@type\":\"ImageObject\",\"inLanguage\":\"en-CA\",\"@id\":\"https:\\\/\\\/groupedepalma.com\\\/en\\\/privacy-policy\\\/#primaryimage\",\"url\":\"https:\\\/\\\/groupedepalma.com\\\/wp-content\\\/uploads\\\/2020\\\/08\\\/DEPALMA_NousJoindre_CreditMockUpThanhNguyen.jpg\",\"contentUrl\":\"https:\\\/\\\/groupedepalma.com\\\/wp-content\\\/uploads\\\/2020\\\/08\\\/DEPALMA_NousJoindre_CreditMockUpThanhNguyen.jpg\",\"width\":1880,\"height\":1252},{\"@type\":\"BreadcrumbList\",\"@id\":\"https:\\\/\\\/groupedepalma.com\\\/en\\\/privacy-policy\\\/#breadcrumb\",\"itemListElement\":[{\"@type\":\"ListItem\",\"position\":1,\"name\":\"Home\",\"item\":\"https:\\\/\\\/groupedepalma.com\\\/en\\\/\"},{\"@type\":\"ListItem\",\"position\":2,\"name\":\"Privacy Policy\"}]},{\"@type\":\"WebSite\",\"@id\":\"https:\\\/\\\/groupedepalma.com\\\/en\\\/#website\",\"url\":\"https:\\\/\\\/groupedepalma.com\\\/en\\\/\",\"name\":\"De Palma | Conciergerie priv\u00e9e\",\"description\":\"\",\"publisher\":{\"@id\":\"https:\\\/\\\/groupedepalma.com\\\/en\\\/#organization\"},\"potentialAction\":[{\"@type\":\"SearchAction\",\"target\":{\"@type\":\"EntryPoint\",\"urlTemplate\":\"https:\\\/\\\/groupedepalma.com\\\/en\\\/?s={search_term_string}\"},\"query-input\":{\"@type\":\"PropertyValueSpecification\",\"valueRequired\":true,\"valueName\":\"search_term_string\"}}],\"inLanguage\":\"en-CA\"},{\"@type\":\"Organization\",\"@id\":\"https:\\\/\\\/groupedepalma.com\\\/en\\\/#organization\",\"name\":\"De Palma | Conciergerie priv\u00e9e\",\"url\":\"https:\\\/\\\/groupedepalma.com\\\/en\\\/\",\"logo\":{\"@type\":\"ImageObject\",\"inLanguage\":\"en-CA\",\"@id\":\"https:\\\/\\\/groupedepalma.com\\\/en\\\/#\\\/schema\\\/logo\\\/image\\\/\",\"url\":\"https:\\\/\\\/groupedepalma.com\\\/wp-content\\\/uploads\\\/2023\\\/11\\\/Logo-GDP_2024.jpg\",\"contentUrl\":\"https:\\\/\\\/groupedepalma.com\\\/wp-content\\\/uploads\\\/2023\\\/11\\\/Logo-GDP_2024.jpg\",\"width\":1183,\"height\":397,\"caption\":\"De Palma | Conciergerie priv\u00e9e\"},\"image\":{\"@id\":\"https:\\\/\\\/groupedepalma.com\\\/en\\\/#\\\/schema\\\/logo\\\/image\\\/\"}}]}<\/script>\n<!-- \/ Yoast SEO plugin. -->","yoast_head_json":{"title":"Privacy Policy - De Palma | Conciergerie priv\u00e9e","description":"Groupe De Palma \u0153uvre principalement dans la grande r\u00e9gion de Montr\u00e9al, mais est dispnible pour vous dans l\u2019ensemble du territoire du Qu\u00e9bec.","robots":{"index":"index","follow":"follow","max-snippet":"max-snippet:-1","max-image-preview":"max-image-preview:large","max-video-preview":"max-video-preview:-1"},"canonical":"https:\/\/groupedepalma.com\/en\/privacy-policy\/","og_locale":"en_US","og_type":"article","og_title":"Privacy Policy - De Palma | Conciergerie priv\u00e9e","og_description":"Groupe De Palma \u0153uvre principalement dans la grande r\u00e9gion de Montr\u00e9al, mais est dispnible pour vous dans l\u2019ensemble du territoire du Qu\u00e9bec.","og_url":"https:\/\/groupedepalma.com\/en\/privacy-policy\/","og_site_name":"De Palma | Conciergerie priv\u00e9e","article_modified_time":"2026-02-02T01:37:44+00:00","og_image":[{"width":1880,"height":1252,"url":"https:\/\/groupedepalma.com\/wp-content\/uploads\/2020\/08\/DEPALMA_NousJoindre_CreditMockUpThanhNguyen.jpg","type":"image\/jpeg"}],"twitter_card":"summary_large_image","twitter_misc":{"Est. reading time":"2 minutes"},"schema":{"@context":"https:\/\/schema.org","@graph":[{"@type":"WebPage","@id":"https:\/\/groupedepalma.com\/en\/privacy-policy\/","url":"https:\/\/groupedepalma.com\/en\/privacy-policy\/","name":"Privacy Policy - De Palma | Conciergerie priv\u00e9e","isPartOf":{"@id":"https:\/\/groupedepalma.com\/en\/#website"},"primaryImageOfPage":{"@id":"https:\/\/groupedepalma.com\/en\/privacy-policy\/#primaryimage"},"image":{"@id":"https:\/\/groupedepalma.com\/en\/privacy-policy\/#primaryimage"},"thumbnailUrl":"https:\/\/groupedepalma.com\/wp-content\/uploads\/2020\/08\/DEPALMA_NousJoindre_CreditMockUpThanhNguyen.jpg","datePublished":"2023-12-15T13:00:00+00:00","dateModified":"2026-02-02T01:37:44+00:00","description":"Groupe De Palma \u0153uvre principalement dans la grande r\u00e9gion de Montr\u00e9al, mais est dispnible pour vous dans l\u2019ensemble du territoire du Qu\u00e9bec.","breadcrumb":{"@id":"https:\/\/groupedepalma.com\/en\/privacy-policy\/#breadcrumb"},"inLanguage":"en-CA","potentialAction":[{"@type":"ReadAction","target":["https:\/\/groupedepalma.com\/en\/privacy-policy\/"]}]},{"@type":"ImageObject","inLanguage":"en-CA","@id":"https:\/\/groupedepalma.com\/en\/privacy-policy\/#primaryimage","url":"https:\/\/groupedepalma.com\/wp-content\/uploads\/2020\/08\/DEPALMA_NousJoindre_CreditMockUpThanhNguyen.jpg","contentUrl":"https:\/\/groupedepalma.com\/wp-content\/uploads\/2020\/08\/DEPALMA_NousJoindre_CreditMockUpThanhNguyen.jpg","width":1880,"height":1252},{"@type":"BreadcrumbList","@id":"https:\/\/groupedepalma.com\/en\/privacy-policy\/#breadcrumb","itemListElement":[{"@type":"ListItem","position":1,"name":"Home","item":"https:\/\/groupedepalma.com\/en\/"},{"@type":"ListItem","position":2,"name":"Privacy Policy"}]},{"@type":"WebSite","@id":"https:\/\/groupedepalma.com\/en\/#website","url":"https:\/\/groupedepalma.com\/en\/","name":"De Palma | Conciergerie priv\u00e9e","description":"","publisher":{"@id":"https:\/\/groupedepalma.com\/en\/#organization"},"potentialAction":[{"@type":"SearchAction","target":{"@type":"EntryPoint","urlTemplate":"https:\/\/groupedepalma.com\/en\/?s={search_term_string}"},"query-input":{"@type":"PropertyValueSpecification","valueRequired":true,"valueName":"search_term_string"}}],"inLanguage":"en-CA"},{"@type":"Organization","@id":"https:\/\/groupedepalma.com\/en\/#organization","name":"De Palma | Conciergerie priv\u00e9e","url":"https:\/\/groupedepalma.com\/en\/","logo":{"@type":"ImageObject","inLanguage":"en-CA","@id":"https:\/\/groupedepalma.com\/en\/#\/schema\/logo\/image\/","url":"https:\/\/groupedepalma.com\/wp-content\/uploads\/2023\/11\/Logo-GDP_2024.jpg","contentUrl":"https:\/\/groupedepalma.com\/wp-content\/uploads\/2023\/11\/Logo-GDP_2024.jpg","width":1183,"height":397,"caption":"De Palma | Conciergerie priv\u00e9e"},"image":{"@id":"https:\/\/groupedepalma.com\/en\/#\/schema\/logo\/image\/"}}]}},"_links":{"self":[{"href":"https:\/\/groupedepalma.com\/en\/wp-json\/wp\/v2\/pages\/875","targetHints":{"allow":["GET"]}}],"collection":[{"href":"https:\/\/groupedepalma.com\/en\/wp-json\/wp\/v2\/pages"}],"about":[{"href":"https:\/\/groupedepalma.com\/en\/wp-json\/wp\/v2\/types\/page"}],"author":[{"embeddable":true,"href":"https:\/\/groupedepalma.com\/en\/wp-json\/wp\/v2\/users\/4"}],"replies":[{"embeddable":true,"href":"https:\/\/groupedepalma.com\/en\/wp-json\/wp\/v2\/comments?post=875"}],"version-history":[{"count":4,"href":"https:\/\/groupedepalma.com\/en\/wp-json\/wp\/v2\/pages\/875\/revisions"}],"predecessor-version":[{"id":1125,"href":"https:\/\/groupedepalma.com\/en\/wp-json\/wp\/v2\/pages\/875\/revisions\/1125"}],"wp:featuredmedia":[{"embeddable":true,"href":"https:\/\/groupedepalma.com\/en\/wp-json\/wp\/v2\/media\/220"}],"wp:attachment":[{"href":"https:\/\/groupedepalma.com\/en\/wp-json\/wp\/v2\/media?parent=875"}],"curies":[{"name":"wp","href":"https:\/\/api.w.org\/{rel}","templated":true}]}}