{"id":1154,"date":"2023-11-08T15:50:00","date_gmt":"2023-11-08T20:50:00","guid":{"rendered":"https:\/\/groupedepalma.com\/?page_id=1154"},"modified":"2026-02-01T20:37:43","modified_gmt":"2026-02-02T01:37:43","slug":"academy","status":"publish","type":"page","link":"https:\/\/groupedepalma.com\/en\/academy\/","title":{"rendered":"Academy"},"content":{"rendered":"<p style=\"text-align: center;\">To offer you an exemplary and flawless concierge service, De Palma is pleased to offer its concierges private and tailor-made training to enable them to provide you with services that meet your expectations. Following this training, the world of concierge no longer holds any secrets for them. Throughout their careers, our concierges are also called upon to stay on the lookout for the latest trends and new developments, in addition to anticipating customer requests, in order to always offer you the best in concierge service. That\u2019s the De Palma signature.<\/p>\n<script type=\"text\/javascript\">var gform;gform||(document.addEventListener(\"gform_main_scripts_loaded\",function(){gform.scriptsLoaded=!0}),document.addEventListener(\"gform\/theme\/scripts_loaded\",function(){gform.themeScriptsLoaded=!0}),window.addEventListener(\"DOMContentLoaded\",function(){gform.domLoaded=!0}),gform={domLoaded:!1,scriptsLoaded:!1,themeScriptsLoaded:!1,isFormEditor:()=>\"function\"==typeof InitializeEditor,callIfLoaded:function(o){return!(!gform.domLoaded||!gform.scriptsLoaded||!gform.themeScriptsLoaded&&!gform.isFormEditor()||(gform.isFormEditor()&&console.warn(\"The use of gform.initializeOnLoaded() is deprecated in the form editor context and will be removed in Gravity Forms 3.1.\"),o(),0))},initializeOnLoaded:function(o){gform.callIfLoaded(o)||(document.addEventListener(\"gform_main_scripts_loaded\",()=>{gform.scriptsLoaded=!0,gform.callIfLoaded(o)}),document.addEventListener(\"gform\/theme\/scripts_loaded\",()=>{gform.themeScriptsLoaded=!0,gform.callIfLoaded(o)}),window.addEventListener(\"DOMContentLoaded\",()=>{gform.domLoaded=!0,gform.callIfLoaded(o)}))},hooks:{action:{},filter:{}},addAction:function(o,r,e,t){gform.addHook(\"action\",o,r,e,t)},addFilter:function(o,r,e,t){gform.addHook(\"filter\",o,r,e,t)},doAction:function(o){gform.doHook(\"action\",o,arguments)},applyFilters:function(o){return gform.doHook(\"filter\",o,arguments)},removeAction:function(o,r){gform.removeHook(\"action\",o,r)},removeFilter:function(o,r,e){gform.removeHook(\"filter\",o,r,e)},addHook:function(o,r,e,t,n){null==gform.hooks[o][r]&&(gform.hooks[o][r]=[]);var d=gform.hooks[o][r];null==n&&(n=r+\"_\"+d.length),gform.hooks[o][r].push({tag:n,callable:e,priority:t=null==t?10:t})},doHook:function(r,o,e){var t;if(e=Array.prototype.slice.call(e,1),null!=gform.hooks[r][o]&&((o=gform.hooks[r][o]).sort(function(o,r){return o.priority-r.priority}),o.forEach(function(o){\"function\"!=typeof(t=o.callable)&&(t=window[t]),\"action\"==r?t.apply(null,e):e[0]=t.apply(null,e)})),\"filter\"==r)return e[0]},removeHook:function(o,r,t,n){var e;null!=gform.hooks[o][r]&&(e=(e=gform.hooks[o][r]).filter(function(o,r,e){return!!(null!=n&&n!=o.tag||null!=t&&t!=o.priority)}),gform.hooks[o][r]=e)}});<\/script>\n                <div class='gf_browser_gecko gform_wrapper gravity-theme gform-theme--no-framework' data-form-theme='gravity-theme' data-form-index='0' id='gform_wrapper_10' >\n                        <div class='gform_heading'>\n                            <p class='gform_description'><\/p>\n\t\t\t\t\t\t\t<p class='gform_required_legend'>&quot;<span class=\"gfield_required gfield_required_asterisk\">*<\/span>&quot; indicates required fields<\/p>\n                        <\/div><form method='post' enctype='multipart\/form-data'  id='gform_10'  action='\/en\/wp-json\/wp\/v2\/pages\/1154' data-formid='10' novalidate>\n                        <div class='gform-body gform_body'><div id='gform_fields_10' class='gform_fields top_label form_sublabel_below description_below validation_below'><div id=\"field_10_25\" class=\"gfield gfield--type-html gfield--input-type-html gfield--width-full gfield_label gfield_html gfield_html_formatted gfield_no_follows_desc field_sublabel_below gfield--no-description field_description_below field_validation_below gfield_visibility_visible\"  data-js-reload=\"field_10_25\" >Informations*<\/div><fieldset id=\"field_10_1\" class=\"gfield gfield--type-name gfield--input-type-name gfield_contains_required field_sublabel_hidden_label gfield--no-description field_description_below hidden_label field_validation_below gfield_visibility_visible\"  data-js-reload=\"field_10_1\" ><legend class='gfield_label gform-field-label gfield_label_before_complex' >Your informations<span class=\"gfield_required\"><span class=\"gfield_required gfield_required_asterisk\">*<\/span><\/span><\/legend><div class='ginput_complex ginput_container ginput_container--name no_prefix has_first_name no_middle_name has_last_name no_suffix gf_name_has_2 ginput_container_name gform-grid-row' id='input_10_1'>\n                            \n                            <span id='input_10_1_3_container' class='name_first gform-grid-col gform-grid-col--size-auto' >\n                                                    <input type='text' name='input_1.3' id='input_10_1_3' value=''   aria-required='true'   placeholder='First name*'  \/>\n                                                    <label for='input_10_1_3' class='gform-field-label gform-field-label--type-sub hidden_sub_label screen-reader-text'>First<\/label>\n                                                <\/span>\n                            \n                            <span id='input_10_1_6_container' class='name_last gform-grid-col gform-grid-col--size-auto' >\n                                                    <input type='text' name='input_1.6' id='input_10_1_6' value=''   aria-required='true'   placeholder='Last name*'  \/>\n                                                    <label for='input_10_1_6' class='gform-field-label gform-field-label--type-sub hidden_sub_label screen-reader-text'>Last<\/label>\n                                                <\/span>\n                            \n                        <\/div><\/fieldset><div id=\"field_10_4\" class=\"gfield gfield--type-email gfield--input-type-email gfield--width-half gfield_contains_required field_sublabel_below gfield--no-description field_description_below hidden_label field_validation_below gfield_visibility_visible\"  data-js-reload=\"field_10_4\" ><label class='gfield_label gform-field-label' for='input_10_4'>Email*<span class=\"gfield_required\"><span class=\"gfield_required gfield_required_asterisk\">*<\/span><\/span><\/label><div class='ginput_container ginput_container_email'>\n                            <input name='input_4' id='input_10_4' type='email' value='' class='large'   placeholder='Email*' aria-required=\"true\" aria-invalid=\"false\"  \/>\n                        <\/div><\/div><div id=\"field_10_20\" class=\"gfield gfield--type-phone gfield--input-type-phone gfield--width-half gfield_contains_required field_sublabel_below gfield--no-description field_description_below hidden_label field_validation_below gfield_visibility_visible\"  data-js-reload=\"field_10_20\" ><label class='gfield_label gform-field-label' for='input_10_20'>Telephone*<span class=\"gfield_required\"><span class=\"gfield_required gfield_required_asterisk\">*<\/span><\/span><\/label><div class='ginput_container ginput_container_phone'><input name='input_20' id='input_10_20' type='tel' value='' class='large'  placeholder='Telephone*' aria-required=\"true\" aria-invalid=\"false\"   \/><\/div><\/div><fieldset id=\"field_10_32\" class=\"gfield gfield--type-consent gfield--type-choice gfield--input-type-consent gfield--width-full gfield_contains_required field_sublabel_below gfield--no-description field_description_below field_validation_below gfield_visibility_visible\"  data-js-reload=\"field_10_32\" ><legend class='gfield_label gform-field-label gfield_label_before_complex' >Privacy<span class=\"gfield_required\"><span class=\"gfield_required gfield_required_asterisk\">*<\/span><\/span><\/legend><div class='ginput_container ginput_container_consent'><input name='input_32.1' id='input_10_32_1' type='checkbox' value='1'   aria-required=\"true\" aria-invalid=\"false\"   \/> <label class=\"gform-field-label gform-field-label--type-inline gfield_consent_label\" for='input_10_32_1' >I accept the terms of our <a href=\"\/en\/privacy-policy\/\">Privacy Policy<\/a>.<\/label><input type='hidden' name='input_32.2' value='I accept the terms of our &lt;a href=&quot;\/en\/privacy-policy\/&quot;&gt;Privacy Policy&lt;\/a&gt;.' class='gform_hidden' \/><input type='hidden' name='input_32.3' value='8' class='gform_hidden' \/><\/div><\/fieldset><\/div><\/div>\n        <div class='gform-footer gform_footer top_label'> <input type='submit' id='gform_submit_button_10' class='gform_button button' onclick='gform.submission.handleButtonClick(this)' value='Register'  \/> \n            <input type='hidden' class='gform_hidden' name='gform_submission_method' data-js='gform_submission_method_10' value='postback' \/>\n            <input type='hidden' class='gform_hidden' name='is_submit_10' value='1' \/>\n            <input type='hidden' class='gform_hidden' name='gform_submit' value='10' \/>\n            \n            <input type='hidden' class='gform_hidden' name='gform_unique_id' value='' \/>\n            <input type='hidden' class='gform_hidden' name='state_10' value='WyJ7XCIzMi4xXCI6XCJmYWM0OGY2MmEyNzZiYmMwY2VkNDkyYjNmNTNmNDU1MVwiLFwiMzIuMlwiOlwiYzY0NmU0MWE5MTM4ZTUxODJmZDg0MDRlMDVkYWE0MTJcIixcIjMyLjNcIjpcIjc1YzRlMGRjMGM1MmYyODNjMjcxNjRiZGNmYTI2NDhhXCJ9IiwiNTg3M2VkNzJhZjE5YzIzMDQ4MzY4ZjhiNWVhNmU4MmMiXQ==' \/>\n            <input type='hidden' autocomplete='off' class='gform_hidden' name='gform_target_page_number_10' id='gform_target_page_number_10' value='0' \/>\n            <input type='hidden' autocomplete='off' class='gform_hidden' name='gform_source_page_number_10' id='gform_source_page_number_10' value='1' \/>\n            <input type='hidden' name='gform_field_values' value='' \/>\n            \n        <\/div>\n                        <\/form>\n                        <\/div><script type=\"text\/javascript\">\n\/* <![CDATA[ *\/\n gform.initializeOnLoaded( function() {gformInitSpinner( 10, 'https:\/\/groupedepalma.com\/wp-content\/plugins\/gravityforms\/images\/spinner.svg', true );jQuery('#gform_ajax_frame_10').on('load',function(){var contents = jQuery(this).contents().find('*').html();var is_postback = contents.indexOf('GF_AJAX_POSTBACK') >= 0;if(!is_postback){return;}var form_content = jQuery(this).contents().find('#gform_wrapper_10');var is_confirmation = jQuery(this).contents().find('#gform_confirmation_wrapper_10').length > 0;var is_redirect = contents.indexOf('gformRedirect(){') >= 0;var is_form = form_content.length > 0 && ! is_redirect && ! is_confirmation;var mt = parseInt(jQuery('html').css('margin-top'), 10) + parseInt(jQuery('body').css('margin-top'), 10) + 100;if(is_form){jQuery('#gform_wrapper_10').html(form_content.html());if(form_content.hasClass('gform_validation_error')){jQuery('#gform_wrapper_10').addClass('gform_validation_error');} else {jQuery('#gform_wrapper_10').removeClass('gform_validation_error');}setTimeout( function() { \/* delay the scroll by 50 milliseconds to fix a bug in chrome *\/  }, 50 );if(window['gformInitDatepicker']) {gformInitDatepicker();}if(window['gformInitPriceFields']) {gformInitPriceFields();}var current_page = jQuery('#gform_source_page_number_10').val();gformInitSpinner( 10, 'https:\/\/groupedepalma.com\/wp-content\/plugins\/gravityforms\/images\/spinner.svg', true );jQuery(document).trigger('gform_page_loaded', [10, current_page]);window['gf_submitting_10'] = false;}else if(!is_redirect){var confirmation_content = jQuery(this).contents().find('.GF_AJAX_POSTBACK').html();if(!confirmation_content){confirmation_content = contents;}jQuery('#gform_wrapper_10').replaceWith(confirmation_content);jQuery(document).trigger('gform_confirmation_loaded', [10]);window['gf_submitting_10'] = false;wp.a11y.speak(jQuery('#gform_confirmation_message_10').text());}else{jQuery('#gform_10').append(contents);if(window['gformRedirect']) {gformRedirect();}}jQuery(document).trigger(\"gform_pre_post_render\", [{ formId: \"10\", currentPage: \"current_page\", abort: function() { this.preventDefault(); } }]);                if (event && event.defaultPrevented) {                return;         }        const gformWrapperDiv = document.getElementById( \"gform_wrapper_10\" );        if ( gformWrapperDiv ) {            const visibilitySpan = document.createElement( \"span\" );            visibilitySpan.id = \"gform_visibility_test_10\";            gformWrapperDiv.insertAdjacentElement( \"afterend\", visibilitySpan );        }        const visibilityTestDiv = document.getElementById( \"gform_visibility_test_10\" );        let postRenderFired = false;                function triggerPostRender() {            if ( postRenderFired ) {                return;            }            postRenderFired = true;            jQuery( document ).trigger( 'gform_post_render', [10, current_page] );            gform.utils.trigger( { event: 'gform\/postRender', native: false, data: { formId: 10, currentPage: current_page } } );            gform.utils.trigger( { event: 'gform\/post_render', native: false, data: { formId: 10, currentPage: current_page } } );            if ( visibilityTestDiv ) {                visibilityTestDiv.parentNode.removeChild( visibilityTestDiv );            }        }        function debounce( func, wait, immediate ) {            var timeout;            return function() {                var context = this, args = arguments;                var later = function() {                    timeout = null;                    if ( !immediate ) func.apply( context, args );                };                var callNow = immediate && !timeout;                clearTimeout( timeout );                timeout = setTimeout( later, wait );                if ( callNow ) func.apply( context, args );            };        }        const debouncedTriggerPostRender = debounce( function() {            triggerPostRender();        }, 200 );        if ( visibilityTestDiv && visibilityTestDiv.offsetParent === null ) {            const observer = new MutationObserver( ( mutations ) => {                mutations.forEach( ( mutation ) => {                    if ( mutation.type === 'attributes' && visibilityTestDiv.offsetParent !== null ) {                        debouncedTriggerPostRender();                        observer.disconnect();                    }                });            });            observer.observe( document.body, {                attributes: true,                childList: false,                subtree: true,                attributeFilter: [ 'style', 'class' ],            });        } else {            triggerPostRender();        }    } );} ); \n\/* ]]> *\/\n<\/script>\n\n","protected":false},"excerpt":{"rendered":"<p>To offer you an exemplary and flawless concierge service, De Palma is pleased to offer its concierges private and tailor-made training to enable them to provide you with services that meet your expectations. Following this training, the world of concierge no longer holds any secrets for them. Throughout their careers, our concierges are also called [&hellip;]<\/p>\n","protected":false},"author":4,"featured_media":220,"parent":0,"menu_order":0,"comment_status":"closed","ping_status":"closed","template":"","meta":{"footnotes":""},"class_list":["post-1154","page","type-page","status-publish","has-post-thumbnail","hentry"],"yoast_head":"<!-- This site is optimized with the Yoast SEO plugin v27.3 - https:\/\/yoast.com\/product\/yoast-seo-wordpress\/ -->\n<title>Academy - De Palma | Conciergerie priv\u00e9e<\/title>\n<meta name=\"description\" content=\"Groupe De Palma \u0153uvre principalement dans la grande r\u00e9gion de Montr\u00e9al, mais est disponible pour vous dans l\u2019ensemble du territoire du Qu\u00e9bec.\" \/>\n<meta name=\"robots\" content=\"index, follow, max-snippet:-1, max-image-preview:large, max-video-preview:-1\" \/>\n<link rel=\"canonical\" href=\"https:\/\/groupedepalma.com\/en\/academy\/\" \/>\n<meta property=\"og:locale\" content=\"en_US\" \/>\n<meta property=\"og:type\" content=\"article\" \/>\n<meta property=\"og:title\" content=\"Academy - De Palma | Conciergerie priv\u00e9e\" \/>\n<meta property=\"og:description\" content=\"Groupe De Palma \u0153uvre principalement dans la grande r\u00e9gion de Montr\u00e9al, mais est disponible pour vous dans l\u2019ensemble du territoire du Qu\u00e9bec.\" \/>\n<meta property=\"og:url\" content=\"https:\/\/groupedepalma.com\/en\/academy\/\" \/>\n<meta property=\"og:site_name\" content=\"De Palma | Conciergerie priv\u00e9e\" \/>\n<meta property=\"article:modified_time\" content=\"2026-02-02T01:37:43+00:00\" \/>\n<meta property=\"og:image\" content=\"https:\/\/groupedepalma.com\/wp-content\/uploads\/2020\/08\/DEPALMA_NousJoindre_CreditMockUpThanhNguyen.jpg\" \/>\n\t<meta property=\"og:image:width\" content=\"1880\" \/>\n\t<meta property=\"og:image:height\" content=\"1252\" \/>\n\t<meta property=\"og:image:type\" content=\"image\/jpeg\" \/>\n<meta name=\"twitter:card\" content=\"summary_large_image\" \/>\n<meta name=\"twitter:label1\" content=\"Est. reading time\" \/>\n\t<meta name=\"twitter:data1\" content=\"1 minute\" \/>\n<script type=\"application\/ld+json\" class=\"yoast-schema-graph\">{\"@context\":\"https:\\\/\\\/schema.org\",\"@graph\":[{\"@type\":\"WebPage\",\"@id\":\"https:\\\/\\\/groupedepalma.com\\\/en\\\/academy\\\/\",\"url\":\"https:\\\/\\\/groupedepalma.com\\\/en\\\/academy\\\/\",\"name\":\"Academy - De Palma | Conciergerie priv\u00e9e\",\"isPartOf\":{\"@id\":\"https:\\\/\\\/groupedepalma.com\\\/en\\\/#website\"},\"primaryImageOfPage\":{\"@id\":\"https:\\\/\\\/groupedepalma.com\\\/en\\\/academy\\\/#primaryimage\"},\"image\":{\"@id\":\"https:\\\/\\\/groupedepalma.com\\\/en\\\/academy\\\/#primaryimage\"},\"thumbnailUrl\":\"https:\\\/\\\/groupedepalma.com\\\/wp-content\\\/uploads\\\/2020\\\/08\\\/DEPALMA_NousJoindre_CreditMockUpThanhNguyen.jpg\",\"datePublished\":\"2023-11-08T20:50:00+00:00\",\"dateModified\":\"2026-02-02T01:37:43+00:00\",\"description\":\"Groupe De Palma \u0153uvre principalement dans la grande r\u00e9gion de Montr\u00e9al, mais est disponible pour vous dans l\u2019ensemble du territoire du Qu\u00e9bec.\",\"breadcrumb\":{\"@id\":\"https:\\\/\\\/groupedepalma.com\\\/en\\\/academy\\\/#breadcrumb\"},\"inLanguage\":\"en-CA\",\"potentialAction\":[{\"@type\":\"ReadAction\",\"target\":[\"https:\\\/\\\/groupedepalma.com\\\/en\\\/academy\\\/\"]}]},{\"@type\":\"ImageObject\",\"inLanguage\":\"en-CA\",\"@id\":\"https:\\\/\\\/groupedepalma.com\\\/en\\\/academy\\\/#primaryimage\",\"url\":\"https:\\\/\\\/groupedepalma.com\\\/wp-content\\\/uploads\\\/2020\\\/08\\\/DEPALMA_NousJoindre_CreditMockUpThanhNguyen.jpg\",\"contentUrl\":\"https:\\\/\\\/groupedepalma.com\\\/wp-content\\\/uploads\\\/2020\\\/08\\\/DEPALMA_NousJoindre_CreditMockUpThanhNguyen.jpg\",\"width\":1880,\"height\":1252},{\"@type\":\"BreadcrumbList\",\"@id\":\"https:\\\/\\\/groupedepalma.com\\\/en\\\/academy\\\/#breadcrumb\",\"itemListElement\":[{\"@type\":\"ListItem\",\"position\":1,\"name\":\"Home\",\"item\":\"https:\\\/\\\/groupedepalma.com\\\/en\\\/\"},{\"@type\":\"ListItem\",\"position\":2,\"name\":\"Academy\"}]},{\"@type\":\"WebSite\",\"@id\":\"https:\\\/\\\/groupedepalma.com\\\/en\\\/#website\",\"url\":\"https:\\\/\\\/groupedepalma.com\\\/en\\\/\",\"name\":\"De Palma | Conciergerie priv\u00e9e\",\"description\":\"\",\"publisher\":{\"@id\":\"https:\\\/\\\/groupedepalma.com\\\/en\\\/#organization\"},\"potentialAction\":[{\"@type\":\"SearchAction\",\"target\":{\"@type\":\"EntryPoint\",\"urlTemplate\":\"https:\\\/\\\/groupedepalma.com\\\/en\\\/?s={search_term_string}\"},\"query-input\":{\"@type\":\"PropertyValueSpecification\",\"valueRequired\":true,\"valueName\":\"search_term_string\"}}],\"inLanguage\":\"en-CA\"},{\"@type\":\"Organization\",\"@id\":\"https:\\\/\\\/groupedepalma.com\\\/en\\\/#organization\",\"name\":\"De Palma | Conciergerie priv\u00e9e\",\"url\":\"https:\\\/\\\/groupedepalma.com\\\/en\\\/\",\"logo\":{\"@type\":\"ImageObject\",\"inLanguage\":\"en-CA\",\"@id\":\"https:\\\/\\\/groupedepalma.com\\\/en\\\/#\\\/schema\\\/logo\\\/image\\\/\",\"url\":\"https:\\\/\\\/groupedepalma.com\\\/wp-content\\\/uploads\\\/2023\\\/11\\\/Logo-GDP_2024.jpg\",\"contentUrl\":\"https:\\\/\\\/groupedepalma.com\\\/wp-content\\\/uploads\\\/2023\\\/11\\\/Logo-GDP_2024.jpg\",\"width\":1183,\"height\":397,\"caption\":\"De Palma | Conciergerie priv\u00e9e\"},\"image\":{\"@id\":\"https:\\\/\\\/groupedepalma.com\\\/en\\\/#\\\/schema\\\/logo\\\/image\\\/\"}}]}<\/script>\n<!-- \/ Yoast SEO plugin. -->","yoast_head_json":{"title":"Academy - De Palma | Conciergerie priv\u00e9e","description":"Groupe De Palma \u0153uvre principalement dans la grande r\u00e9gion de Montr\u00e9al, mais est disponible pour vous dans l\u2019ensemble du territoire du Qu\u00e9bec.","robots":{"index":"index","follow":"follow","max-snippet":"max-snippet:-1","max-image-preview":"max-image-preview:large","max-video-preview":"max-video-preview:-1"},"canonical":"https:\/\/groupedepalma.com\/en\/academy\/","og_locale":"en_US","og_type":"article","og_title":"Academy - De Palma | Conciergerie priv\u00e9e","og_description":"Groupe De Palma \u0153uvre principalement dans la grande r\u00e9gion de Montr\u00e9al, mais est disponible pour vous dans l\u2019ensemble du territoire du Qu\u00e9bec.","og_url":"https:\/\/groupedepalma.com\/en\/academy\/","og_site_name":"De Palma | Conciergerie priv\u00e9e","article_modified_time":"2026-02-02T01:37:43+00:00","og_image":[{"width":1880,"height":1252,"url":"https:\/\/groupedepalma.com\/wp-content\/uploads\/2020\/08\/DEPALMA_NousJoindre_CreditMockUpThanhNguyen.jpg","type":"image\/jpeg"}],"twitter_card":"summary_large_image","twitter_misc":{"Est. reading time":"1 minute"},"schema":{"@context":"https:\/\/schema.org","@graph":[{"@type":"WebPage","@id":"https:\/\/groupedepalma.com\/en\/academy\/","url":"https:\/\/groupedepalma.com\/en\/academy\/","name":"Academy - De Palma | Conciergerie priv\u00e9e","isPartOf":{"@id":"https:\/\/groupedepalma.com\/en\/#website"},"primaryImageOfPage":{"@id":"https:\/\/groupedepalma.com\/en\/academy\/#primaryimage"},"image":{"@id":"https:\/\/groupedepalma.com\/en\/academy\/#primaryimage"},"thumbnailUrl":"https:\/\/groupedepalma.com\/wp-content\/uploads\/2020\/08\/DEPALMA_NousJoindre_CreditMockUpThanhNguyen.jpg","datePublished":"2023-11-08T20:50:00+00:00","dateModified":"2026-02-02T01:37:43+00:00","description":"Groupe De Palma \u0153uvre principalement dans la grande r\u00e9gion de Montr\u00e9al, mais est disponible pour vous dans l\u2019ensemble du territoire du Qu\u00e9bec.","breadcrumb":{"@id":"https:\/\/groupedepalma.com\/en\/academy\/#breadcrumb"},"inLanguage":"en-CA","potentialAction":[{"@type":"ReadAction","target":["https:\/\/groupedepalma.com\/en\/academy\/"]}]},{"@type":"ImageObject","inLanguage":"en-CA","@id":"https:\/\/groupedepalma.com\/en\/academy\/#primaryimage","url":"https:\/\/groupedepalma.com\/wp-content\/uploads\/2020\/08\/DEPALMA_NousJoindre_CreditMockUpThanhNguyen.jpg","contentUrl":"https:\/\/groupedepalma.com\/wp-content\/uploads\/2020\/08\/DEPALMA_NousJoindre_CreditMockUpThanhNguyen.jpg","width":1880,"height":1252},{"@type":"BreadcrumbList","@id":"https:\/\/groupedepalma.com\/en\/academy\/#breadcrumb","itemListElement":[{"@type":"ListItem","position":1,"name":"Home","item":"https:\/\/groupedepalma.com\/en\/"},{"@type":"ListItem","position":2,"name":"Academy"}]},{"@type":"WebSite","@id":"https:\/\/groupedepalma.com\/en\/#website","url":"https:\/\/groupedepalma.com\/en\/","name":"De Palma | Conciergerie priv\u00e9e","description":"","publisher":{"@id":"https:\/\/groupedepalma.com\/en\/#organization"},"potentialAction":[{"@type":"SearchAction","target":{"@type":"EntryPoint","urlTemplate":"https:\/\/groupedepalma.com\/en\/?s={search_term_string}"},"query-input":{"@type":"PropertyValueSpecification","valueRequired":true,"valueName":"search_term_string"}}],"inLanguage":"en-CA"},{"@type":"Organization","@id":"https:\/\/groupedepalma.com\/en\/#organization","name":"De Palma | Conciergerie priv\u00e9e","url":"https:\/\/groupedepalma.com\/en\/","logo":{"@type":"ImageObject","inLanguage":"en-CA","@id":"https:\/\/groupedepalma.com\/en\/#\/schema\/logo\/image\/","url":"https:\/\/groupedepalma.com\/wp-content\/uploads\/2023\/11\/Logo-GDP_2024.jpg","contentUrl":"https:\/\/groupedepalma.com\/wp-content\/uploads\/2023\/11\/Logo-GDP_2024.jpg","width":1183,"height":397,"caption":"De Palma | Conciergerie priv\u00e9e"},"image":{"@id":"https:\/\/groupedepalma.com\/en\/#\/schema\/logo\/image\/"}}]}},"_links":{"self":[{"href":"https:\/\/groupedepalma.com\/en\/wp-json\/wp\/v2\/pages\/1154","targetHints":{"allow":["GET"]}}],"collection":[{"href":"https:\/\/groupedepalma.com\/en\/wp-json\/wp\/v2\/pages"}],"about":[{"href":"https:\/\/groupedepalma.com\/en\/wp-json\/wp\/v2\/types\/page"}],"author":[{"embeddable":true,"href":"https:\/\/groupedepalma.com\/en\/wp-json\/wp\/v2\/users\/4"}],"replies":[{"embeddable":true,"href":"https:\/\/groupedepalma.com\/en\/wp-json\/wp\/v2\/comments?post=1154"}],"version-history":[{"count":3,"href":"https:\/\/groupedepalma.com\/en\/wp-json\/wp\/v2\/pages\/1154\/revisions"}],"predecessor-version":[{"id":1157,"href":"https:\/\/groupedepalma.com\/en\/wp-json\/wp\/v2\/pages\/1154\/revisions\/1157"}],"wp:featuredmedia":[{"embeddable":true,"href":"https:\/\/groupedepalma.com\/en\/wp-json\/wp\/v2\/media\/220"}],"wp:attachment":[{"href":"https:\/\/groupedepalma.com\/en\/wp-json\/wp\/v2\/media?parent=1154"}],"curies":[{"name":"wp","href":"https:\/\/api.w.org\/{rel}","templated":true}]}}